{"id":22,"date":"2024-09-08T12:47:25","date_gmt":"2024-09-08T10:47:25","guid":{"rendered":"http:\/\/aulydo.com\/?page_id=22"},"modified":"2024-09-11T08:07:35","modified_gmt":"2024-09-11T06:07:35","slug":"a-la-decouverte-de-mon-univers","status":"publish","type":"page","link":"https:\/\/aulydo.com\/","title":{"rendered":"Pr\u00e9sentation"},"content":{"rendered":"\n<div class=\"wp-block-media-text is-stacked-on-mobile\"><figure class=\"wp-block-media-text__media\"><img loading=\"lazy\" decoding=\"async\" width=\"768\" height=\"1024\" src=\"https:\/\/aulydo.com\/wp-content\/uploads\/2024\/09\/Photo-Aurelie-768x1024.jpg\" alt=\"\" class=\"wp-image-132 size-full\" srcset=\"https:\/\/aulydo.com\/wp-content\/uploads\/2024\/09\/Photo-Aurelie-768x1024.jpg 768w, https:\/\/aulydo.com\/wp-content\/uploads\/2024\/09\/Photo-Aurelie-225x300.jpg 225w, https:\/\/aulydo.com\/wp-content\/uploads\/2024\/09\/Photo-Aurelie-1152x1536.jpg 1152w, https:\/\/aulydo.com\/wp-content\/uploads\/2024\/09\/Photo-Aurelie-1536x2048.jpg 1536w, https:\/\/aulydo.com\/wp-content\/uploads\/2024\/09\/Photo-Aurelie-600x800.jpg 600w, https:\/\/aulydo.com\/wp-content\/uploads\/2024\/09\/Photo-Aurelie-1200x1600.jpg 1200w, https:\/\/aulydo.com\/wp-content\/uploads\/2024\/09\/Photo-Aurelie-scaled.jpg 1920w\" sizes=\"auto, (max-width: 768px) 100vw, 768px\" \/><\/figure><div class=\"wp-block-media-text__content\">\n<p>Sur ce site, je vous propose de partager mes coups de c\u0153ur cr\u00e9atifs et artistiques dans diff\u00e9rents domaines.<\/p>\n\n\n\n<p>Issu du monde de l&#8217;audiovisuel, mon \u00e2me d&#8217;adolescent garde son amour pour les cr\u00e9ations faites de mes mains. Que ce soit \u00e0 travers la r\u00e9alisation de tableaux \u00e0 l&#8217;acrylique, de gravures \u00e0 l&#8217;eau-forte ou en taille douce, en passant par l&#8217;argile autodurcissante, le dessin ou encore l&#8217;aquarelle. J&#8217;aime tester, manipuler et nourrir mon besoin cr\u00e9atif, qui occupe une grande partie de ma vie.<\/p>\n\n\n\n<p>Je suis \u00e9galement responsable d&#8217;un atelier de mod\u00e8le vivant dans ma ville. Nous nous r\u00e9unissons une fois par mois pour 3 heures de dessin, avec des poses allant de 2 \u00e0 10 minutes en r\u00e8gle g\u00e9n\u00e9rale.<\/p>\n<\/div><\/div>\n","protected":false},"excerpt":{"rendered":"<p>Sur ce site, je vous propose de partager mes coups de c\u0153ur cr\u00e9atifs et artistiques dans diff\u00e9rents domaines. Issu du<\/p>\n","protected":false},"author":1,"featured_media":0,"parent":0,"menu_order":1,"comment_status":"closed","ping_status":"closed","template":"","meta":{"footnotes":""},"class_list":["post-22","page","type-page","status-publish","hentry"],"featured_media_urls":[],"_links":{"self":[{"href":"https:\/\/aulydo.com\/index.php\/wp-json\/wp\/v2\/pages\/22","targetHints":{"allow":["GET"]}}],"collection":[{"href":"https:\/\/aulydo.com\/index.php\/wp-json\/wp\/v2\/pages"}],"about":[{"href":"https:\/\/aulydo.com\/index.php\/wp-json\/wp\/v2\/types\/page"}],"author":[{"embeddable":true,"href":"https:\/\/aulydo.com\/index.php\/wp-json\/wp\/v2\/users\/1"}],"replies":[{"embeddable":true,"href":"https:\/\/aulydo.com\/index.php\/wp-json\/wp\/v2\/comments?post=22"}],"version-history":[{"count":3,"href":"https:\/\/aulydo.com\/index.php\/wp-json\/wp\/v2\/pages\/22\/revisions"}],"predecessor-version":[{"id":134,"href":"https:\/\/aulydo.com\/index.php\/wp-json\/wp\/v2\/pages\/22\/revisions\/134"}],"wp:attachment":[{"href":"https:\/\/aulydo.com\/index.php\/wp-json\/wp\/v2\/media?parent=22"}],"curies":[{"name":"wp","href":"https:\/\/api.w.org\/{rel}","templated":true}]}}