{"id":2,"date":"2024-09-08T11:10:20","date_gmt":"2024-09-08T09:10:20","guid":{"rendered":"http:\/\/aulydo.com\/?page_id=2"},"modified":"2024-09-11T08:07:43","modified_gmt":"2024-09-11T06:07:43","slug":"page-d-exemple","status":"publish","type":"page","link":"https:\/\/aulydo.com\/index.php\/page-d-exemple\/","title":{"rendered":"Audiovisuel"},"content":{"rendered":"\n<p>Dans l&#8217;audiovisuel, j&#8217;aime la diversit\u00e9 des diff\u00e9rentes r\u00e9alisations. Que ce soit dans le documentaire, la fiction ou le reportage, il existe plusieurs mani\u00e8res de communiquer.<\/p>\n\n\n\n<p>Vous trouverez ci-dessous diff\u00e9rentes r\u00e9alisations.<\/p>\n\n\n\n<p>Un reportage sur l&#8217;ascension du Mont Blanc. Dans cette vid\u00e9o, j&#8217;ai mont\u00e9 les images et r\u00e9alis\u00e9 les entretiens sur fond vert.<\/p>\n\n\n\n<figure class=\"wp-block-embed is-type-video is-provider-youtube wp-block-embed-youtube wp-embed-aspect-16-9 wp-has-aspect-ratio\"><div class=\"wp-block-embed__wrapper\">\n<iframe loading=\"lazy\" title=\"Traces du Mont-Blanc, une exp\u00e9rience \u00e9vryenne\" width=\"800\" height=\"450\" src=\"https:\/\/www.youtube.com\/embed\/98cn94yiJ4U?feature=oembed\" frameborder=\"0\" allow=\"accelerometer; autoplay; clipboard-write; encrypted-media; gyroscope; picture-in-picture; web-share\" referrerpolicy=\"strict-origin-when-cross-origin\" allowfullscreen><\/iframe>\n<\/div><\/figure>\n","protected":false},"excerpt":{"rendered":"<p>Dans l&#8217;audiovisuel, j&#8217;aime la diversit\u00e9 des diff\u00e9rentes r\u00e9alisations. Que ce soit dans le documentaire, la fiction ou le reportage, il<\/p>\n","protected":false},"author":1,"featured_media":0,"parent":0,"menu_order":2,"comment_status":"closed","ping_status":"closed","template":"","meta":{"footnotes":""},"class_list":["post-2","page","type-page","status-publish","hentry"],"featured_media_urls":[],"_links":{"self":[{"href":"https:\/\/aulydo.com\/index.php\/wp-json\/wp\/v2\/pages\/2","targetHints":{"allow":["GET"]}}],"collection":[{"href":"https:\/\/aulydo.com\/index.php\/wp-json\/wp\/v2\/pages"}],"about":[{"href":"https:\/\/aulydo.com\/index.php\/wp-json\/wp\/v2\/types\/page"}],"author":[{"embeddable":true,"href":"https:\/\/aulydo.com\/index.php\/wp-json\/wp\/v2\/users\/1"}],"replies":[{"embeddable":true,"href":"https:\/\/aulydo.com\/index.php\/wp-json\/wp\/v2\/comments?post=2"}],"version-history":[{"count":5,"href":"https:\/\/aulydo.com\/index.php\/wp-json\/wp\/v2\/pages\/2\/revisions"}],"predecessor-version":[{"id":49,"href":"https:\/\/aulydo.com\/index.php\/wp-json\/wp\/v2\/pages\/2\/revisions\/49"}],"wp:attachment":[{"href":"https:\/\/aulydo.com\/index.php\/wp-json\/wp\/v2\/media?parent=2"}],"curies":[{"name":"wp","href":"https:\/\/api.w.org\/{rel}","templated":true}]}}