{"id":144,"date":"2024-09-11T08:05:56","date_gmt":"2024-09-11T06:05:56","guid":{"rendered":"https:\/\/aulydo.com\/?page_id=144"},"modified":"2025-03-23T21:31:17","modified_gmt":"2025-03-23T20:31:17","slug":"la-decouverte-de-la-gravure","status":"publish","type":"page","link":"https:\/\/aulydo.com\/index.php\/creation\/la-decouverte-de-la-gravure\/","title":{"rendered":"D\u00e9couverte de la gravure \u00e0 l&#8217;eau forte"},"content":{"rendered":"\n<p>J\u2019ai longtemps regrett\u00e9 de ne pas avoir particip\u00e9 aux ateliers de gravure propos\u00e9s par mon lyc\u00e9e lorsque j\u2019\u00e9tais en Bac STI Arts Appliqu\u00e9s et J\u2019ai d\u00e9couvert la gravure en 2022 lors d\u2019un atelier organis\u00e9 par une association artistique de ma ville. J\u2019ai toujours voulu explorer cette technique sans en avoir eu l\u2019occasion auparavant, cela \u00e0 donc \u00e9t\u00e9 une tr\u00e8s belle occasion.<\/p>\n\n\n\n<p>La gravure est une technique complexe qui exige une excellente ma\u00eetrise du dessin, tout en int\u00e9grant une part d\u2019al\u00e9atoire. Il faut savoir se laisser guider par les r\u00e9actions du m\u00e9tal tout en ma\u00eetrisant parfaitement l\u2019encrage.<\/p>\n\n\n\n<p>La premi\u00e8re \u00e9tape en gravure consiste \u00e0\u00a0<strong>reporter son motif ou dessin sur la plaque de m\u00e9tal<\/strong>\u00a0afin de pr\u00e9parer le travail d\u2019incision. Pour cela, on utilise un\u00a0<strong>papier cartonn\u00e9<\/strong>, qui permet de transf\u00e9rer les lignes principales avec pr\u00e9cision. Ce proc\u00e9d\u00e9 sert de guide pour la suite du travail, garantissant ainsi une meilleure fid\u00e9lit\u00e9 au dessin d\u2019origine avant d\u2019entamer la gravure proprement dite.<\/p>\n\n\n\n<p>L\u2019\u00e9tape suivante consiste \u00e0\u00a0<strong>appliquer une aquatinte<\/strong>\u00a0sur la plaque de m\u00e9tal, puis \u00e0 la chauffer pour fixer cette fine couche de r\u00e9sine. L\u2019<strong>aquatinte<\/strong>\u00a0est une technique qui permet de cr\u00e9er des effets de\u00a0<strong>valeurs et de textures<\/strong>\u00a0en gravure. En d\u00e9posant de minuscules grains de r\u00e9sine sur la surface m\u00e9tallique, on obtient une surface irr\u00e9guli\u00e8re qui, une fois mordue par l\u2019acide, produira des zones de\u00a0<strong>relief et de variations de tons<\/strong>. Cette \u00e9tape est essentielle pour donner de la profondeur et du contraste \u00e0 l\u2019image finale.<\/p>\n\n\n\n<p>Cette \u00e9tape repose sur un processus\u00a0<strong>r\u00e9p\u00e9titif et progressif<\/strong>\u00a0pour cr\u00e9er les diff\u00e9rentes nuances de l\u2019image. Dans un premier temps, il faut\u00a0<strong>appliquer du vernis<\/strong>\u00a0sur les zones que l\u2019on souhaite pr\u00e9server du bain d\u2019acide, notamment les blancs et les parties les plus claires du dessin. Ce vernis agit comme une protection, emp\u00eachant l\u2019acide de mordre le m\u00e9tal \u00e0 ces endroits. Ensuite, la plaque est plong\u00e9e dans l\u2019acide, qui attaque uniquement les parties non prot\u00e9g\u00e9es, cr\u00e9ant ainsi des variations de profondeur. Cette op\u00e9ration est r\u00e9p\u00e9t\u00e9e plusieurs fois, avec des temps de morsure diff\u00e9rents, pour obtenir une gamme de\u00a0<strong>tonalit\u00e9s et de textures vari\u00e9es<\/strong>.<\/p>\n\n\n\n<p>Une fois la gravure termin\u00e9e, la plaque est soigneusement\u00a0<strong>nettoy\u00e9e<\/strong>\u00a0\u00e0 l\u2019aide d\u2019<strong>accolade 90\u00b0<\/strong>\u00a0et de\u00a0<strong>White Spirit<\/strong>\u00a0pour \u00e9liminer les r\u00e9sidus de vernis et d\u2019aquatinte. Ce nettoyage r\u00e9v\u00e8le alors la\u00a0<strong>matrice<\/strong>, v\u00e9ritable empreinte du dessin grav\u00e9 dans le m\u00e9tal. C\u2019est \u00e0 partir de cette matrice que commence le travail d\u2019<strong>encrage<\/strong>, \u00e9tape essentielle avant de proc\u00e9der aux\u00a0<strong>premi\u00e8res \u00e9preuves<\/strong>\u00a0d\u2019impression, permettant ainsi de d\u00e9couvrir le rendu final de la gravure sur papier.<\/p>\n\n\n\n<figure class=\"wp-block-gallery has-nested-images columns-default is-cropped wp-block-gallery-1 is-layout-flex wp-block-gallery-is-layout-flex\">\n<figure class=\"wp-block-image size-large\"><img loading=\"lazy\" decoding=\"async\" width=\"768\" height=\"1024\" data-id=\"176\" src=\"https:\/\/aulydo.com\/wp-content\/uploads\/2025\/03\/Donville-gravure-01-1-768x1024.jpg\" alt=\"\" class=\"wp-image-176\" srcset=\"https:\/\/aulydo.com\/wp-content\/uploads\/2025\/03\/Donville-gravure-01-1-768x1024.jpg 768w, https:\/\/aulydo.com\/wp-content\/uploads\/2025\/03\/Donville-gravure-01-1-225x300.jpg 225w, https:\/\/aulydo.com\/wp-content\/uploads\/2025\/03\/Donville-gravure-01-1-1152x1536.jpg 1152w, https:\/\/aulydo.com\/wp-content\/uploads\/2025\/03\/Donville-gravure-01-1-1536x2048.jpg 1536w, https:\/\/aulydo.com\/wp-content\/uploads\/2025\/03\/Donville-gravure-01-1-600x800.jpg 600w, https:\/\/aulydo.com\/wp-content\/uploads\/2025\/03\/Donville-gravure-01-1-1200x1600.jpg 1200w, https:\/\/aulydo.com\/wp-content\/uploads\/2025\/03\/Donville-gravure-01-1-scaled.jpg 1920w\" sizes=\"auto, (max-width: 768px) 100vw, 768px\" \/><figcaption class=\"wp-element-caption\">Pr\u00e9paration du dessin<\/figcaption><\/figure>\n\n\n\n<figure class=\"wp-block-image size-large\"><img loading=\"lazy\" decoding=\"async\" width=\"768\" height=\"1024\" data-id=\"177\" src=\"https:\/\/aulydo.com\/wp-content\/uploads\/2025\/03\/Donville-gravure-02-2-768x1024.jpg\" alt=\"\" class=\"wp-image-177\" srcset=\"https:\/\/aulydo.com\/wp-content\/uploads\/2025\/03\/Donville-gravure-02-2-768x1024.jpg 768w, https:\/\/aulydo.com\/wp-content\/uploads\/2025\/03\/Donville-gravure-02-2-225x300.jpg 225w, https:\/\/aulydo.com\/wp-content\/uploads\/2025\/03\/Donville-gravure-02-2-1152x1536.jpg 1152w, https:\/\/aulydo.com\/wp-content\/uploads\/2025\/03\/Donville-gravure-02-2-1536x2048.jpg 1536w, https:\/\/aulydo.com\/wp-content\/uploads\/2025\/03\/Donville-gravure-02-2-600x800.jpg 600w, https:\/\/aulydo.com\/wp-content\/uploads\/2025\/03\/Donville-gravure-02-2-1200x1600.jpg 1200w, https:\/\/aulydo.com\/wp-content\/uploads\/2025\/03\/Donville-gravure-02-2-scaled.jpg 1920w\" sizes=\"auto, (max-width: 768px) 100vw, 768px\" \/><figcaption class=\"wp-element-caption\">Chauffe de l&#8217;aquatique<\/figcaption><\/figure>\n\n\n\n<figure class=\"wp-block-image size-large\"><img loading=\"lazy\" decoding=\"async\" width=\"768\" height=\"1024\" data-id=\"179\" src=\"https:\/\/aulydo.com\/wp-content\/uploads\/2025\/03\/Donville-gravure-03-3-768x1024.jpg\" alt=\"\" class=\"wp-image-179\" srcset=\"https:\/\/aulydo.com\/wp-content\/uploads\/2025\/03\/Donville-gravure-03-3-768x1024.jpg 768w, https:\/\/aulydo.com\/wp-content\/uploads\/2025\/03\/Donville-gravure-03-3-225x300.jpg 225w, https:\/\/aulydo.com\/wp-content\/uploads\/2025\/03\/Donville-gravure-03-3-1152x1536.jpg 1152w, https:\/\/aulydo.com\/wp-content\/uploads\/2025\/03\/Donville-gravure-03-3-1536x2048.jpg 1536w, https:\/\/aulydo.com\/wp-content\/uploads\/2025\/03\/Donville-gravure-03-3-600x800.jpg 600w, https:\/\/aulydo.com\/wp-content\/uploads\/2025\/03\/Donville-gravure-03-3-1200x1600.jpg 1200w, https:\/\/aulydo.com\/wp-content\/uploads\/2025\/03\/Donville-gravure-03-3-scaled.jpg 1920w\" sizes=\"auto, (max-width: 768px) 100vw, 768px\" \/><figcaption class=\"wp-element-caption\">Protection des blancs<\/figcaption><\/figure>\n\n\n\n<figure class=\"wp-block-image size-large\"><img loading=\"lazy\" decoding=\"async\" width=\"768\" height=\"1024\" data-id=\"181\" src=\"https:\/\/aulydo.com\/wp-content\/uploads\/2025\/03\/Donville-gravure-04-1-768x1024.jpg\" alt=\"\" class=\"wp-image-181\" srcset=\"https:\/\/aulydo.com\/wp-content\/uploads\/2025\/03\/Donville-gravure-04-1-768x1024.jpg 768w, https:\/\/aulydo.com\/wp-content\/uploads\/2025\/03\/Donville-gravure-04-1-225x300.jpg 225w, https:\/\/aulydo.com\/wp-content\/uploads\/2025\/03\/Donville-gravure-04-1-1152x1536.jpg 1152w, https:\/\/aulydo.com\/wp-content\/uploads\/2025\/03\/Donville-gravure-04-1-1536x2048.jpg 1536w, https:\/\/aulydo.com\/wp-content\/uploads\/2025\/03\/Donville-gravure-04-1-600x800.jpg 600w, https:\/\/aulydo.com\/wp-content\/uploads\/2025\/03\/Donville-gravure-04-1-1200x1600.jpg 1200w, https:\/\/aulydo.com\/wp-content\/uploads\/2025\/03\/Donville-gravure-04-1-scaled.jpg 1920w\" sizes=\"auto, (max-width: 768px) 100vw, 768px\" \/><figcaption class=\"wp-element-caption\">Protection des gris clairs<\/figcaption><\/figure>\n\n\n\n<figure class=\"wp-block-image size-large\"><img loading=\"lazy\" decoding=\"async\" width=\"1920\" height=\"2560\" data-id=\"180\" src=\"https:\/\/aulydo.com\/wp-content\/uploads\/2025\/03\/Donville-gravure-05-1-scaled.jpg\" alt=\"\" class=\"wp-image-180\" srcset=\"https:\/\/aulydo.com\/wp-content\/uploads\/2025\/03\/Donville-gravure-05-1-scaled.jpg 1920w, https:\/\/aulydo.com\/wp-content\/uploads\/2025\/03\/Donville-gravure-05-1-225x300.jpg 225w\" sizes=\"auto, (max-width: 1920px) 100vw, 1920px\" \/><figcaption class=\"wp-element-caption\">Protection des gris fonc\u00e9s<\/figcaption><\/figure>\n\n\n\n<figure class=\"wp-block-image size-large\"><img loading=\"lazy\" decoding=\"async\" width=\"768\" height=\"1024\" data-id=\"182\" src=\"https:\/\/aulydo.com\/wp-content\/uploads\/2025\/03\/Donville-gravure-06-1-768x1024.jpg\" alt=\"\" class=\"wp-image-182\" srcset=\"https:\/\/aulydo.com\/wp-content\/uploads\/2025\/03\/Donville-gravure-06-1-768x1024.jpg 768w, https:\/\/aulydo.com\/wp-content\/uploads\/2025\/03\/Donville-gravure-06-1-225x300.jpg 225w, https:\/\/aulydo.com\/wp-content\/uploads\/2025\/03\/Donville-gravure-06-1-1152x1536.jpg 1152w, https:\/\/aulydo.com\/wp-content\/uploads\/2025\/03\/Donville-gravure-06-1-1536x2048.jpg 1536w, https:\/\/aulydo.com\/wp-content\/uploads\/2025\/03\/Donville-gravure-06-1-600x800.jpg 600w, https:\/\/aulydo.com\/wp-content\/uploads\/2025\/03\/Donville-gravure-06-1-1200x1600.jpg 1200w, https:\/\/aulydo.com\/wp-content\/uploads\/2025\/03\/Donville-gravure-06-1-scaled.jpg 1920w\" sizes=\"auto, (max-width: 768px) 100vw, 768px\" \/><figcaption class=\"wp-element-caption\">Matrice pr\u00eate<\/figcaption><\/figure>\n\n\n\n<figure class=\"wp-block-image size-large\"><img loading=\"lazy\" decoding=\"async\" width=\"768\" height=\"1024\" data-id=\"173\" src=\"https:\/\/aulydo.com\/wp-content\/uploads\/2025\/03\/Donville-gravure-07-768x1024.jpg\" alt=\"\" class=\"wp-image-173\" srcset=\"https:\/\/aulydo.com\/wp-content\/uploads\/2025\/03\/Donville-gravure-07-768x1024.jpg 768w, https:\/\/aulydo.com\/wp-content\/uploads\/2025\/03\/Donville-gravure-07-225x300.jpg 225w, https:\/\/aulydo.com\/wp-content\/uploads\/2025\/03\/Donville-gravure-07-1152x1536.jpg 1152w, https:\/\/aulydo.com\/wp-content\/uploads\/2025\/03\/Donville-gravure-07-1536x2048.jpg 1536w, https:\/\/aulydo.com\/wp-content\/uploads\/2025\/03\/Donville-gravure-07-600x800.jpg 600w, https:\/\/aulydo.com\/wp-content\/uploads\/2025\/03\/Donville-gravure-07-1200x1600.jpg 1200w, https:\/\/aulydo.com\/wp-content\/uploads\/2025\/03\/Donville-gravure-07-scaled.jpg 1920w\" sizes=\"auto, (max-width: 768px) 100vw, 768px\" \/><figcaption class=\"wp-element-caption\">Premi\u00e8re impression<\/figcaption><\/figure>\n\n\n\n<figure class=\"wp-block-image size-large\"><img loading=\"lazy\" decoding=\"async\" width=\"1024\" height=\"768\" data-id=\"172\" src=\"https:\/\/aulydo.com\/wp-content\/uploads\/2025\/03\/Donville-gravure-09-1024x768.jpg\" alt=\"\" class=\"wp-image-172\" srcset=\"https:\/\/aulydo.com\/wp-content\/uploads\/2025\/03\/Donville-gravure-09-1024x768.jpg 1024w, https:\/\/aulydo.com\/wp-content\/uploads\/2025\/03\/Donville-gravure-09-300x225.jpg 300w, https:\/\/aulydo.com\/wp-content\/uploads\/2025\/03\/Donville-gravure-09-768x576.jpg 768w, https:\/\/aulydo.com\/wp-content\/uploads\/2025\/03\/Donville-gravure-09-1536x1152.jpg 1536w, https:\/\/aulydo.com\/wp-content\/uploads\/2025\/03\/Donville-gravure-09-2048x1536.jpg 2048w\" sizes=\"auto, (max-width: 1024px) 100vw, 1024px\" \/><figcaption class=\"wp-element-caption\">Diff\u00e9rentes variation d&#8217;encrage<\/figcaption><\/figure>\n<\/figure>\n","protected":false},"excerpt":{"rendered":"<p>J\u2019ai longtemps regrett\u00e9 de ne pas avoir particip\u00e9 aux ateliers de gravure propos\u00e9s par mon lyc\u00e9e lorsque j\u2019\u00e9tais en Bac<\/p>\n","protected":false},"author":1,"featured_media":0,"parent":64,"menu_order":0,"comment_status":"closed","ping_status":"closed","template":"","meta":{"footnotes":""},"class_list":["post-144","page","type-page","status-publish","hentry"],"featured_media_urls":[],"_links":{"self":[{"href":"https:\/\/aulydo.com\/index.php\/wp-json\/wp\/v2\/pages\/144","targetHints":{"allow":["GET"]}}],"collection":[{"href":"https:\/\/aulydo.com\/index.php\/wp-json\/wp\/v2\/pages"}],"about":[{"href":"https:\/\/aulydo.com\/index.php\/wp-json\/wp\/v2\/types\/page"}],"author":[{"embeddable":true,"href":"https:\/\/aulydo.com\/index.php\/wp-json\/wp\/v2\/users\/1"}],"replies":[{"embeddable":true,"href":"https:\/\/aulydo.com\/index.php\/wp-json\/wp\/v2\/comments?post=144"}],"version-history":[{"count":6,"href":"https:\/\/aulydo.com\/index.php\/wp-json\/wp\/v2\/pages\/144\/revisions"}],"predecessor-version":[{"id":188,"href":"https:\/\/aulydo.com\/index.php\/wp-json\/wp\/v2\/pages\/144\/revisions\/188"}],"up":[{"embeddable":true,"href":"https:\/\/aulydo.com\/index.php\/wp-json\/wp\/v2\/pages\/64"}],"wp:attachment":[{"href":"https:\/\/aulydo.com\/index.php\/wp-json\/wp\/v2\/media?parent=144"}],"curies":[{"name":"wp","href":"https:\/\/api.w.org\/{rel}","templated":true}]}}