{"id":125,"date":"2024-09-09T16:20:44","date_gmt":"2024-09-09T14:20:44","guid":{"rendered":"https:\/\/aulydo.com\/?page_id=125"},"modified":"2025-03-23T20:37:25","modified_gmt":"2025-03-23T19:37:25","slug":"expositions","status":"publish","type":"page","link":"https:\/\/aulydo.com\/index.php\/creation\/expositions\/","title":{"rendered":"Expositions"},"content":{"rendered":"\n<p><\/p>\n\n\n\n<h3 class=\"wp-block-heading\">Exposition au 31e Salon d&#8217;Art du Colombier<\/h3>\n\n\n\n<p>J\u2019ai eu le plaisir de participer au&nbsp;<strong>31e Salon d\u2019Art du Colombier<\/strong>&nbsp;\u00e0&nbsp;<strong>Saint-Arnoult-en-Yvelines<\/strong>, o\u00f9 j\u2019ai expos\u00e9 trois de mes gravures. Parmi elles, une gravure \u00e0&nbsp;<strong>l\u2019eau-forte<\/strong>&nbsp;et deux en&nbsp;<strong>mani\u00e8re noire<\/strong>, mettant en avant des techniques riches en contrastes et en nuances.<\/p>\n\n\n\n<p>J\u2019ai \u00e9galement eu l\u2019honneur de voir ma gravure&nbsp;<strong>&#8220;Rose&#8221;<\/strong>&nbsp;figurer dans le catalogue officiel du salon, une belle reconnaissance de mon travail artistique. Cette exposition a \u00e9t\u00e9 une magnifique opportunit\u00e9 de partager ma passion pour la gravure avec un public sensible \u00e0 l\u2019art et aux techniques d\u2019impression.<\/p>\n\n\n\n<figure class=\"wp-block-gallery has-nested-images columns-default is-cropped wp-block-gallery-1 is-layout-flex wp-block-gallery-is-layout-flex\">\n<figure class=\"wp-block-image size-large\"><img loading=\"lazy\" decoding=\"async\" width=\"768\" height=\"1024\" data-id=\"159\" src=\"https:\/\/aulydo.com\/wp-content\/uploads\/2025\/03\/IMG_4254-1-768x1024.jpg\" alt=\"\" class=\"wp-image-159\" srcset=\"https:\/\/aulydo.com\/wp-content\/uploads\/2025\/03\/IMG_4254-1-768x1024.jpg 768w, https:\/\/aulydo.com\/wp-content\/uploads\/2025\/03\/IMG_4254-1-225x300.jpg 225w, https:\/\/aulydo.com\/wp-content\/uploads\/2025\/03\/IMG_4254-1-1152x1536.jpg 1152w, https:\/\/aulydo.com\/wp-content\/uploads\/2025\/03\/IMG_4254-1-1536x2048.jpg 1536w, https:\/\/aulydo.com\/wp-content\/uploads\/2025\/03\/IMG_4254-1-600x800.jpg 600w, https:\/\/aulydo.com\/wp-content\/uploads\/2025\/03\/IMG_4254-1-1200x1600.jpg 1200w, https:\/\/aulydo.com\/wp-content\/uploads\/2025\/03\/IMG_4254-1-scaled.jpg 1920w\" sizes=\"auto, (max-width: 768px) 100vw, 768px\" \/><\/figure>\n\n\n\n<figure class=\"wp-block-image size-large\"><img loading=\"lazy\" decoding=\"async\" width=\"768\" height=\"1024\" data-id=\"158\" src=\"https:\/\/aulydo.com\/wp-content\/uploads\/2025\/03\/IMG_4255-1-768x1024.jpg\" alt=\"\" class=\"wp-image-158\" srcset=\"https:\/\/aulydo.com\/wp-content\/uploads\/2025\/03\/IMG_4255-1-768x1024.jpg 768w, https:\/\/aulydo.com\/wp-content\/uploads\/2025\/03\/IMG_4255-1-225x300.jpg 225w, https:\/\/aulydo.com\/wp-content\/uploads\/2025\/03\/IMG_4255-1-1152x1536.jpg 1152w, https:\/\/aulydo.com\/wp-content\/uploads\/2025\/03\/IMG_4255-1-1536x2048.jpg 1536w, https:\/\/aulydo.com\/wp-content\/uploads\/2025\/03\/IMG_4255-1-600x800.jpg 600w, https:\/\/aulydo.com\/wp-content\/uploads\/2025\/03\/IMG_4255-1-1200x1600.jpg 1200w, https:\/\/aulydo.com\/wp-content\/uploads\/2025\/03\/IMG_4255-1-scaled.jpg 1920w\" sizes=\"auto, (max-width: 768px) 100vw, 768px\" \/><\/figure>\n\n\n\n<figure class=\"wp-block-image size-large\"><img loading=\"lazy\" decoding=\"async\" width=\"768\" height=\"1024\" data-id=\"160\" src=\"http:\/\/aulydo.com\/wp-content\/uploads\/2025\/03\/IMG_4276-1-768x1024.jpg\" alt=\"\" class=\"wp-image-160\" srcset=\"https:\/\/aulydo.com\/wp-content\/uploads\/2025\/03\/IMG_4276-1-768x1024.jpg 768w, https:\/\/aulydo.com\/wp-content\/uploads\/2025\/03\/IMG_4276-1-225x300.jpg 225w, https:\/\/aulydo.com\/wp-content\/uploads\/2025\/03\/IMG_4276-1-1152x1536.jpg 1152w, https:\/\/aulydo.com\/wp-content\/uploads\/2025\/03\/IMG_4276-1-1536x2048.jpg 1536w, https:\/\/aulydo.com\/wp-content\/uploads\/2025\/03\/IMG_4276-1-600x800.jpg 600w, https:\/\/aulydo.com\/wp-content\/uploads\/2025\/03\/IMG_4276-1-1200x1600.jpg 1200w, https:\/\/aulydo.com\/wp-content\/uploads\/2025\/03\/IMG_4276-1-scaled.jpg 1920w\" sizes=\"auto, (max-width: 768px) 100vw, 768px\" \/><\/figure>\n\n\n\n<figure class=\"wp-block-image size-large\"><img loading=\"lazy\" decoding=\"async\" width=\"1024\" height=\"768\" data-id=\"161\" src=\"http:\/\/aulydo.com\/wp-content\/uploads\/2025\/03\/IMG_4280-1-1024x768.jpg\" alt=\"\" class=\"wp-image-161\" srcset=\"https:\/\/aulydo.com\/wp-content\/uploads\/2025\/03\/IMG_4280-1-1024x768.jpg 1024w, https:\/\/aulydo.com\/wp-content\/uploads\/2025\/03\/IMG_4280-1-300x225.jpg 300w, https:\/\/aulydo.com\/wp-content\/uploads\/2025\/03\/IMG_4280-1-768x576.jpg 768w, https:\/\/aulydo.com\/wp-content\/uploads\/2025\/03\/IMG_4280-1-1536x1152.jpg 1536w, https:\/\/aulydo.com\/wp-content\/uploads\/2025\/03\/IMG_4280-1-2048x1536.jpg 2048w, https:\/\/aulydo.com\/wp-content\/uploads\/2025\/03\/IMG_4280-1-600x450.jpg 600w, https:\/\/aulydo.com\/wp-content\/uploads\/2025\/03\/IMG_4280-1-1200x900.jpg 1200w\" sizes=\"auto, (max-width: 1024px) 100vw, 1024px\" \/><\/figure>\n<\/figure>\n","protected":false},"excerpt":{"rendered":"<p>Exposition au 31e Salon d&#8217;Art du Colombier J\u2019ai eu le plaisir de participer au&nbsp;31e Salon d\u2019Art du Colombier&nbsp;\u00e0&nbsp;Saint-Arnoult-en-Yvelines, o\u00f9 j\u2019ai<\/p>\n","protected":false},"author":1,"featured_media":0,"parent":64,"menu_order":0,"comment_status":"closed","ping_status":"closed","template":"","meta":{"footnotes":""},"class_list":["post-125","page","type-page","status-publish","hentry"],"featured_media_urls":[],"_links":{"self":[{"href":"https:\/\/aulydo.com\/index.php\/wp-json\/wp\/v2\/pages\/125","targetHints":{"allow":["GET"]}}],"collection":[{"href":"https:\/\/aulydo.com\/index.php\/wp-json\/wp\/v2\/pages"}],"about":[{"href":"https:\/\/aulydo.com\/index.php\/wp-json\/wp\/v2\/types\/page"}],"author":[{"embeddable":true,"href":"https:\/\/aulydo.com\/index.php\/wp-json\/wp\/v2\/users\/1"}],"replies":[{"embeddable":true,"href":"https:\/\/aulydo.com\/index.php\/wp-json\/wp\/v2\/comments?post=125"}],"version-history":[{"count":6,"href":"https:\/\/aulydo.com\/index.php\/wp-json\/wp\/v2\/pages\/125\/revisions"}],"predecessor-version":[{"id":168,"href":"https:\/\/aulydo.com\/index.php\/wp-json\/wp\/v2\/pages\/125\/revisions\/168"}],"up":[{"embeddable":true,"href":"https:\/\/aulydo.com\/index.php\/wp-json\/wp\/v2\/pages\/64"}],"wp:attachment":[{"href":"https:\/\/aulydo.com\/index.php\/wp-json\/wp\/v2\/media?parent=125"}],"curies":[{"name":"wp","href":"https:\/\/api.w.org\/{rel}","templated":true}]}}