{"id":123,"date":"2024-09-09T16:20:22","date_gmt":"2024-09-09T14:20:22","guid":{"rendered":"https:\/\/aulydo.com\/?page_id=123"},"modified":"2025-03-23T21:37:57","modified_gmt":"2025-03-23T20:37:57","slug":"mes-realisations","status":"publish","type":"page","link":"https:\/\/aulydo.com\/index.php\/page-d-exemple\/mes-realisations\/","title":{"rendered":"Mes r\u00e9alisations institutionnelles"},"content":{"rendered":"\n<figure class=\"wp-block-embed is-type-video is-provider-youtube wp-block-embed-youtube wp-embed-aspect-16-9 wp-has-aspect-ratio\"><div class=\"wp-block-embed__wrapper\">\n<iframe loading=\"lazy\" title=\"Traces du Mont-Blanc, une exp\u00e9rience \u00e9vryenne\" width=\"800\" height=\"450\" src=\"https:\/\/www.youtube.com\/embed\/98cn94yiJ4U?feature=oembed\" frameborder=\"0\" allow=\"accelerometer; autoplay; clipboard-write; encrypted-media; gyroscope; picture-in-picture; web-share\" referrerpolicy=\"strict-origin-when-cross-origin\" allowfullscreen><\/iframe>\n<\/div><figcaption class=\"wp-element-caption\">Un reportage sur l\u2019ascension du Mont Blanc. Dans cette vid\u00e9o, j\u2019ai mont\u00e9 les images et r\u00e9alis\u00e9 les entretiens sur fond vert.<\/figcaption><\/figure>\n\n\n\n<figure class=\"wp-block-embed is-type-video is-provider-youtube wp-block-embed-youtube wp-embed-aspect-16-9 wp-has-aspect-ratio\"><div class=\"wp-block-embed__wrapper\">\n<iframe loading=\"lazy\" title=\"Guide de l&#039;Op\u00e9ra Russe - Andr\u00e9 Lischke\" width=\"800\" height=\"450\" src=\"https:\/\/www.youtube.com\/embed\/2LfecCINWT0?feature=oembed\" frameborder=\"0\" allow=\"accelerometer; autoplay; clipboard-write; encrypted-media; gyroscope; picture-in-picture; web-share\" referrerpolicy=\"strict-origin-when-cross-origin\" allowfullscreen><\/iframe>\n<\/div><figcaption class=\"wp-element-caption\">R\u00e9alisation, tournage et montage de la publication de l&#8217;ouvrage d&#8217;un enseignant-chercheur.<\/figcaption><\/figure>\n\n\n\n<figure class=\"wp-block-embed is-type-video is-provider-youtube wp-block-embed-youtube wp-embed-aspect-16-9 wp-has-aspect-ratio\"><div class=\"wp-block-embed__wrapper\">\n<iframe loading=\"lazy\" title=\"Sensibilisation au handicap : mieux comprendre le handicap au travail\" width=\"800\" height=\"450\" src=\"https:\/\/www.youtube.com\/embed\/phb6bRqqhhU?feature=oembed\" frameborder=\"0\" allow=\"accelerometer; autoplay; clipboard-write; encrypted-media; gyroscope; picture-in-picture; web-share\" referrerpolicy=\"strict-origin-when-cross-origin\" allowfullscreen><\/iframe>\n<\/div><figcaption class=\"wp-element-caption\">R\u00e9alisation, tournage et montage d&#8217;un reportage sur la sensibilisation au handicap<\/figcaption><\/figure>\n\n\n\n<figure class=\"wp-block-embed is-type-video is-provider-youtube wp-block-embed-youtube wp-embed-aspect-16-9 wp-has-aspect-ratio\"><div class=\"wp-block-embed__wrapper\">\n<iframe loading=\"lazy\" title=\"Pr\u00e9sentation de la fili\u00e8re \u00c9conomie Gestion de l&#039;Universit\u00e9 d&#039;\u00c9vry\" width=\"800\" height=\"450\" src=\"https:\/\/www.youtube.com\/embed\/mRQCZPWcErg?feature=oembed\" frameborder=\"0\" allow=\"accelerometer; autoplay; clipboard-write; encrypted-media; gyroscope; picture-in-picture; web-share\" referrerpolicy=\"strict-origin-when-cross-origin\" allowfullscreen><\/iframe>\n<\/div><figcaption class=\"wp-element-caption\">R\u00e9alisation et montage d&#8217;une s\u00e9rie de vid\u00e9o de pr\u00e9sentation des fili\u00e8res <\/figcaption><\/figure>\n\n\n\n<figure class=\"wp-block-embed is-type-video is-provider-youtube wp-block-embed-youtube wp-embed-aspect-16-9 wp-has-aspect-ratio\"><div class=\"wp-block-embed__wrapper\">\n<iframe loading=\"lazy\" title=\"Une Universit\u00e9, des services\" width=\"800\" height=\"450\" src=\"https:\/\/www.youtube.com\/embed\/dbmYPYP4Ono?feature=oembed\" frameborder=\"0\" allow=\"accelerometer; autoplay; clipboard-write; encrypted-media; gyroscope; picture-in-picture; web-share\" referrerpolicy=\"strict-origin-when-cross-origin\" allowfullscreen><\/iframe>\n<\/div><figcaption class=\"wp-element-caption\">R\u00e9alisation et montage <\/figcaption><\/figure>\n\n\n\n<figure class=\"wp-block-embed is-type-video is-provider-youtube wp-block-embed-youtube wp-embed-aspect-16-9 wp-has-aspect-ratio\"><div class=\"wp-block-embed__wrapper\">\n<iframe loading=\"lazy\" title=\"Question d&#039;actu - Les secrets de nos s\u00e9ries TV\" width=\"800\" height=\"450\" src=\"https:\/\/www.youtube.com\/embed\/KQz2z6AqQyw?feature=oembed\" frameborder=\"0\" allow=\"accelerometer; autoplay; clipboard-write; encrypted-media; gyroscope; picture-in-picture; web-share\" referrerpolicy=\"strict-origin-when-cross-origin\" allowfullscreen><\/iframe>\n<\/div><figcaption class=\"wp-element-caption\">R\u00e9alisation, tournage et montage d&#8217;une s\u00e9rie de vid\u00e9o sur la recherche<\/figcaption><\/figure>\n\n\n\n<figure class=\"wp-block-embed is-type-video is-provider-youtube wp-block-embed-youtube wp-embed-aspect-16-9 wp-has-aspect-ratio\"><div class=\"wp-block-embed__wrapper\">\n<iframe loading=\"lazy\" title=\"F\u00eate de la science -  cristallographie - Octobre 2014\" width=\"800\" height=\"450\" src=\"https:\/\/www.youtube.com\/embed\/iyD5caM1lms?feature=oembed\" frameborder=\"0\" allow=\"accelerometer; autoplay; clipboard-write; encrypted-media; gyroscope; picture-in-picture; web-share\" referrerpolicy=\"strict-origin-when-cross-origin\" allowfullscreen><\/iframe>\n<\/div><figcaption class=\"wp-element-caption\">R\u00e9alisation, tournage et montage retour sur \u00e9v\u00e8nement<\/figcaption><\/figure>\n\n\n\n<p><a href=\"https:\/\/mediaserveur.univ-evry.fr\/videos\/semaines-de-rentree-2024\/#share\">https:\/\/mediaserveur.univ-evry.fr\/videos\/semaines-de-rentree-2024\/#share<\/a><\/p>\n\n\n\n<p><\/p>\n\n\n\n<p><\/p>\n","protected":false},"excerpt":{"rendered":"<p>https:\/\/mediaserveur.univ-evry.fr\/videos\/semaines-de-rentree-2024\/#share<\/p>\n","protected":false},"author":1,"featured_media":0,"parent":2,"menu_order":0,"comment_status":"closed","ping_status":"closed","template":"","meta":{"footnotes":""},"class_list":["post-123","page","type-page","status-publish","hentry"],"featured_media_urls":[],"_links":{"self":[{"href":"https:\/\/aulydo.com\/index.php\/wp-json\/wp\/v2\/pages\/123","targetHints":{"allow":["GET"]}}],"collection":[{"href":"https:\/\/aulydo.com\/index.php\/wp-json\/wp\/v2\/pages"}],"about":[{"href":"https:\/\/aulydo.com\/index.php\/wp-json\/wp\/v2\/types\/page"}],"author":[{"embeddable":true,"href":"https:\/\/aulydo.com\/index.php\/wp-json\/wp\/v2\/users\/1"}],"replies":[{"embeddable":true,"href":"https:\/\/aulydo.com\/index.php\/wp-json\/wp\/v2\/comments?post=123"}],"version-history":[{"count":8,"href":"https:\/\/aulydo.com\/index.php\/wp-json\/wp\/v2\/pages\/123\/revisions"}],"predecessor-version":[{"id":189,"href":"https:\/\/aulydo.com\/index.php\/wp-json\/wp\/v2\/pages\/123\/revisions\/189"}],"up":[{"embeddable":true,"href":"https:\/\/aulydo.com\/index.php\/wp-json\/wp\/v2\/pages\/2"}],"wp:attachment":[{"href":"https:\/\/aulydo.com\/index.php\/wp-json\/wp\/v2\/media?parent=123"}],"curies":[{"name":"wp","href":"https:\/\/api.w.org\/{rel}","templated":true}]}}